{"id":420,"date":"2021-08-03T06:54:33","date_gmt":"2021-08-03T06:54:33","guid":{"rendered":"https:\/\/artemsemkin.com\/kinsey\/wp\/?page_id=420"},"modified":"2024-11-05T17:11:10","modified_gmt":"2024-11-05T20:11:10","slug":"slider-background-color-2","status":"publish","type":"page","link":"https:\/\/www.anahirano.com.br\/institucional\/","title":{"rendered":"Slider \/ Background Color 2"},"content":{"rendered":"\t\t<div data-elementor-type=\"wp-page\" data-elementor-id=\"420\" class=\"elementor elementor-420\" data-elementor-settings=\"{&quot;page_masthead_header_background_color&quot;:&quot;#ffffff&quot;,&quot;page_masthead_featured_background_color&quot;:&quot;#f8f8f8&quot;}\">\n\t\t\t\t\t\t<section class=\"elementor-section elementor-top-section elementor-element elementor-element-6a5d6d5 elementor-section-full_width elementor-section-height-default elementor-section-height-default\" data-id=\"6a5d6d5\" data-element_type=\"section\">\n\t\t\t\t\t\t<div class=\"elementor-container elementor-column-gap-no\">\n\t\t\t\t\t<div class=\"elementor-column elementor-col-100 elementor-top-column elementor-element elementor-element-2785bff\" data-id=\"2785bff\" data-element_type=\"column\">\n\t\t\t<div class=\"elementor-widget-wrap elementor-element-populated\">\n\t\t\t\t\t\t<div class=\"elementor-element elementor-element-f80ac36 elementor-widget elementor-widget-kinsey-widget-portfolio-fullscreen-slider-backgrounds-2\" data-id=\"f80ac36\" data-element_type=\"widget\" data-widget_type=\"kinsey-widget-portfolio-fullscreen-slider-backgrounds-2.default\">\n\t\t\t\t<div class=\"elementor-widget-container\">\n\t\t\t\t\t\n\t\t<div class=\"section section-fullheight section-slider-projects-fullscreen overflow section-dynamic-background js-slider-background\" data-arts-theme-text=\"dark\" style=\"background-color: #F1F6F6\" data-arts-os-animation=\"true\">\n\t\t\t<div class=\"section-fullheight__inner section-fullheight__inner_mobile\">\n\t\t\t\t<div class=\"slider slider-projects-fullscreen js-slider js-slider-projects-fullscreen\" data-arts-hover-class=\"hover-zoom-underline-active-slide\">\n\t\t\t\t\t<div class=\"container-fluid h-100 z-50 pointer-events-none\">\n\t\t\t\t\t\t<div class=\"row h-100 align-items-center\">\n\t\t\t\t\t\t\t<!-- slider CONTENT -->\n\t\t\t\t\t\t\t<div class=\"col-12\" data-arts-os-animation=\"true\" data-arts-os-animation-name=\"animateJump\" data-arts-os-animation-params=\"{&quot;y&quot;:50}\">\n\t\t\t\t\t\t\t\t<div class=\"slider-projects-fullscreen__content swiper swiper-container js-slider-projects-fullscreen__content\" data-prefetch-active-slide-transition=\"true\" data-centered-slides=\"true\" data-slides-per-view=\"2.25\">\n\t\t\t\t\t\t\t\t\t<div class=\"swiper-wrapper\">\n\t\t\t\t\t\t\t\t\t\t\t\t\t\t\t\t\t\t\t\t\t<div class=\"swiper-slide slider__slide-centered\">\n\t\t\t\t\t\t\t\t\t\t\t\t<div data-swiper-parallax-opacity=\"0.1\">\n\t\t\t\t\t\t\t\t\t\t\t\t\t\n\t\t\t\t\t\t\t\t\t\t\t\t\t<a class=\"d-inline-block underline-hover pointer-events-auto\" href=\"https:\/\/www.anahirano.com.br\/institucional\/portfolio\/ana-hirano\/\" data-arts-hover=\"trigger\" data-arts-cursor=\"true\" data-arts-cursor-scale=\"2.4\" data-arts-cursor-hide-native=\"true\" data-arts-cursor-label=\"Ver Projeto\" data-arts-cursor-color=\"default\" data-arts-cursor-background-color=\"default\">\n\t    <h2\t\t\tclass=\"slider__heading xl my-0 underline-hover__target\">Ana Hirano  <\/h2>\n\t\t\t<\/a>\n<div class=\"w-100\"><\/div>\n\t\t\t\t\t\t\t<div class=\"d-inline-block slider__subheading mb-3 small pointer-events-auto mt-2\">\n\t\t\t\t\n<ul class=\"post-meta post-meta_mini\">\n\t\t\t<li class=\"post-meta__categories\">\n\t\t\t\t\t\t\t\t\t\t\t\t<span>Arquitetura de interiores<\/span>\n\t\t\t\t\t\t\t\t\t\t\t\t<\/li>\n\t\t<\/ul>\n<\/div>\n<div class=\"w-100\"><\/div>\n\t\t\t\t\t\t\t\n\t\t\t\t\t\t\t\t\t\t\t\t\t\t<\/div>\n\t\t\t\t\t\t\t\t\t\t\t<\/div>\n\t\t\t\t\t\t\t\t\t\t\t\t\t\t\t\t\t\t\t\t\t<div class=\"swiper-slide slider__slide-centered\">\n\t\t\t\t\t\t\t\t\t\t\t\t<div data-swiper-parallax-opacity=\"0.1\">\n\t\t\t\t\t\t\t\t\t\t\t\t\t\n\t\t\t\t\t\t\t\t\t\t\t\t\t<a class=\"d-inline-block underline-hover pointer-events-auto\" href=\"https:\/\/www.anahirano.com.br\/institucional\/portfolio\/aventuras-na-floresta\/\" data-arts-hover=\"trigger\" data-arts-cursor=\"true\" data-arts-cursor-scale=\"2.4\" data-arts-cursor-hide-native=\"true\" data-arts-cursor-label=\"Ver Projeto\" data-arts-cursor-color=\"default\" data-arts-cursor-background-color=\"default\">\n\t    <h2\t\t\tclass=\"slider__heading xl my-0 underline-hover__target\">Aventuras na floresta  <\/h2>\n\t\t\t<\/a>\n<div class=\"w-100\"><\/div>\n\t\t\t\t\t\t\t<div class=\"d-inline-block slider__subheading mb-3 small pointer-events-auto mt-2\">\n\t\t\t\t\n<ul class=\"post-meta post-meta_mini\">\n\t\t\t<li class=\"post-meta__categories\">\n\t\t\t\t\t\t\t\t\t\t\t\t<span>Projeto<\/span>\n\t\t\t\t\t\t\t\t\t\t\t\t\t\t<div class=\"post-meta__divider\"><\/div>\n\t\t\t\t\t<\/li>\n\t\t\t\t<li class=\"post-meta__years\">\n\t\t\t\t\t\t\t\t\t\t\t\t<span>Quarto de beb\u00ea<\/span>\n\t\t\t\t\t\t\t\t\t<\/li>\n\t<\/ul>\n<\/div>\n<div class=\"w-100\"><\/div>\n\t\t\t\t\t\t\t\n\t\t\t\t\t\t\t\t\t\t\t\t\t\t<\/div>\n\t\t\t\t\t\t\t\t\t\t\t<\/div>\n\t\t\t\t\t\t\t\t\t\t\t\t\t\t\t\t\t\t\t\t\t<div class=\"swiper-slide slider__slide-centered\">\n\t\t\t\t\t\t\t\t\t\t\t\t<div data-swiper-parallax-opacity=\"0.1\">\n\t\t\t\t\t\t\t\t\t\t\t\t\t\n\t\t\t\t\t\t\t\t\t\t\t\t\t<a class=\"d-inline-block underline-hover pointer-events-auto\" href=\"https:\/\/www.anahirano.com.br\/institucional\/portfolio\/suite-classica-contemporanea\/\" data-arts-hover=\"trigger\" data-arts-cursor=\"true\" data-arts-cursor-scale=\"2.4\" data-arts-cursor-hide-native=\"true\" data-arts-cursor-label=\"Ver Projeto\" data-arts-cursor-color=\"default\" data-arts-cursor-background-color=\"default\">\n\t    <h2\t\t\tclass=\"slider__heading xl my-0 underline-hover__target\">Su\u00edte cl\u00e1ssica contempor\u00e2nea  <\/h2>\n\t\t\t<\/a>\n<div class=\"w-100\"><\/div>\n\t\t\t\t\t\t\t<div class=\"d-inline-block slider__subheading mb-3 small pointer-events-auto mt-2\">\n\t\t\t\t\n<ul class=\"post-meta post-meta_mini\">\n\t\t\t<li class=\"post-meta__categories\">\n\t\t\t\t\t\t\t\t\t\t\t\t<span>Projeto<\/span>\n\t\t\t\t\t\t\t\t\t\t\t\t\t\t<div class=\"post-meta__divider\"><\/div>\n\t\t\t\t\t<\/li>\n\t\t\t\t<li class=\"post-meta__years\">\n\t\t\t\t\t\t\t\t\t\t\t\t<span>Su\u00edte master<\/span>\n\t\t\t\t\t\t\t\t\t<\/li>\n\t<\/ul>\n<\/div>\n<div class=\"w-100\"><\/div>\n\t\t\t\t\t\t\t\n\t\t\t\t\t\t\t\t\t\t\t\t\t\t<\/div>\n\t\t\t\t\t\t\t\t\t\t\t<\/div>\n\t\t\t\t\t\t\t\t\t\t\t\t\t\t\t\t\t\t\t\t\t<div class=\"swiper-slide slider__slide-centered\">\n\t\t\t\t\t\t\t\t\t\t\t\t<div data-swiper-parallax-opacity=\"0.1\">\n\t\t\t\t\t\t\t\t\t\t\t\t\t\n\t\t\t\t\t\t\t\t\t\t\t\t\t<a class=\"d-inline-block underline-hover pointer-events-auto\" href=\"https:\/\/www.anahirano.com.br\/institucional\/portfolio\/gourmet-casa-06\/\" data-arts-hover=\"trigger\" data-arts-cursor=\"true\" data-arts-cursor-scale=\"2.4\" data-arts-cursor-hide-native=\"true\" data-arts-cursor-label=\"Ver Projeto\" data-arts-cursor-color=\"default\" data-arts-cursor-background-color=\"default\">\n\t    <h2\t\t\tclass=\"slider__heading xl my-0 underline-hover__target\">Gourmet casa 06  <\/h2>\n\t\t\t<\/a>\n<div class=\"w-100\"><\/div>\n\t\t\t\t\t\t\t<div class=\"d-inline-block slider__subheading mb-3 small pointer-events-auto mt-2\">\n\t\t\t\t\n<ul class=\"post-meta post-meta_mini\">\n\t\t\t<li class=\"post-meta__categories\">\n\t\t\t\t\t\t\t\t\t\t\t\t<span>Projeto<\/span>\n\t\t\t\t\t\t\t\t\t\t\t\t\t\t<div class=\"post-meta__divider\"><\/div>\n\t\t\t\t\t<\/li>\n\t\t\t\t<li class=\"post-meta__years\">\n\t\t\t\t\t\t\t\t\t\t\t\t<span>\u00c1rea gourmet<\/span>\n\t\t\t\t\t\t\t\t\t<\/li>\n\t<\/ul>\n<\/div>\n<div class=\"w-100\"><\/div>\n\t\t\t\t\t\t\t\n\t\t\t\t\t\t\t\t\t\t\t\t\t\t<\/div>\n\t\t\t\t\t\t\t\t\t\t\t<\/div>\n\t\t\t\t\t\t\t\t\t\t\t\t\t\t\t\t\t\t\t\t\t<div class=\"swiper-slide slider__slide-centered\">\n\t\t\t\t\t\t\t\t\t\t\t\t<div data-swiper-parallax-opacity=\"0.1\">\n\t\t\t\t\t\t\t\t\t\t\t\t\t\n\t\t\t\t\t\t\t\t\t\t\t\t\t<a class=\"d-inline-block underline-hover pointer-events-auto\" href=\"https:\/\/www.anahirano.com.br\/institucional\/portfolio\/apartamento-rr\/\" data-arts-hover=\"trigger\" data-arts-cursor=\"true\" data-arts-cursor-scale=\"2.4\" data-arts-cursor-hide-native=\"true\" data-arts-cursor-label=\"Ver Projeto\" data-arts-cursor-color=\"default\" data-arts-cursor-background-color=\"default\">\n\t    <h2\t\t\tclass=\"slider__heading xl my-0 underline-hover__target\">Apartamento R|R  <\/h2>\n\t\t\t<\/a>\n<div class=\"w-100\"><\/div>\n\t\t\t\t\t\t\t<div class=\"d-inline-block slider__subheading mb-3 small pointer-events-auto mt-2\">\n\t\t\t\t\n<ul class=\"post-meta post-meta_mini\">\n\t\t\t<li class=\"post-meta__categories\">\n\t\t\t\t\t\t\t\t\t\t\t\t<span>Projeto<\/span>\n\t\t\t\t\t\t\t\t\t\t\t\t\t\t<div class=\"post-meta__divider\"><\/div>\n\t\t\t\t\t<\/li>\n\t\t\t\t<li class=\"post-meta__years\">\n\t\t\t\t\t\t\t\t\t\t\t\t<span>\u00c1rea social<\/span>\n\t\t\t\t\t\t\t\t\t<\/li>\n\t<\/ul>\n<\/div>\n<div class=\"w-100\"><\/div>\n\t\t\t\t\t\t\t\n\t\t\t\t\t\t\t\t\t\t\t\t\t\t<\/div>\n\t\t\t\t\t\t\t\t\t\t\t<\/div>\n\t\t\t\t\t\t\t\t\t\t\t\t\t\t\t\t\t\t\t\t\t<div class=\"swiper-slide slider__slide-centered\">\n\t\t\t\t\t\t\t\t\t\t\t\t<div data-swiper-parallax-opacity=\"0.1\">\n\t\t\t\t\t\t\t\t\t\t\t\t\t\n\t\t\t\t\t\t\t\t\t\t\t\t\t<a class=\"d-inline-block underline-hover pointer-events-auto\" href=\"https:\/\/www.anahirano.com.br\/institucional\/portfolio\/consultoriomf\/\" data-arts-hover=\"trigger\" data-arts-cursor=\"true\" data-arts-cursor-scale=\"2.4\" data-arts-cursor-hide-native=\"true\" data-arts-cursor-label=\"Ver Projeto\" data-arts-cursor-color=\"default\" data-arts-cursor-background-color=\"default\">\n\t    <h2\t\t\tclass=\"slider__heading xl my-0 underline-hover__target\">Consult\u00f3rio | MF  <\/h2>\n\t\t\t<\/a>\n<div class=\"w-100\"><\/div>\n\t\t\t\t\t\t\t<div class=\"d-inline-block slider__subheading mb-3 small pointer-events-auto mt-2\">\n\t\t\t\t\n<ul class=\"post-meta post-meta_mini\">\n\t\t\t<li class=\"post-meta__categories\">\n\t\t\t\t\t\t\t\t\t\t\t\t<span>Projeto<\/span>\n\t\t\t\t\t\t\t\t\t\t\t\t\t\t<div class=\"post-meta__divider\"><\/div>\n\t\t\t\t\t<\/li>\n\t\t\t\t<li class=\"post-meta__years\">\n\t\t\t\t\t\t\t\t\t\t\t\t<span>2024<\/span>\n\t\t\t\t\t\t\t\t\t<\/li>\n\t<\/ul>\n<\/div>\n<div class=\"w-100\"><\/div>\n\t\t\t\t\t\t\t\n\t\t\t\t\t\t\t\t\t\t\t\t\t\t<\/div>\n\t\t\t\t\t\t\t\t\t\t\t<\/div>\n\t\t\t\t\t\t\t\t\t\t\t\t\t\t\t\t\t\t\t<\/div>\n\t\t\t\t\t\t\t\t<\/div>\n\t\t\t\t\t\t\t<\/div>\n\t\t\t\t\t\t\t<!-- - slider CONTENT -->\n\t\t\t\t\t\t<\/div>\n\t\t\t\t\t<\/div>\n\t\t\t\t\t<!-- slider IMAGES -->\n\t\t\t\t\t<div class=\"slider-projects-fullscreen__images swiper swiper-container js-slider-projects-fullscreen__images\" data-direction=\"vertical\" data-speed=\"800\" data-drag-mouse=\"true\" data-drag-cursor=\"true\" data-drag-hide-cursor=\"true\" data-drag-label=\"Arraste\" data-drag-class=\"slider-projects-fullscreen__images_scale-up\" data-mousewheel-enabled=\"true\" data-keyboard-enabled=\"true\" data-autoplay-enabled=\"true\" data-autoplay-delay=\"6000\">\n\t\t\t\t\t\t<div class=\"swiper-wrapper swiper-wrapper_transition\">\n\t\t\t\t\t\t\t\t\t\t\t\t\t\t\t\t\t\t\t\t\t\t\t<div class=\"swiper-slide slider-projects-fullscreen__slide overflow\" data-slide-background=\"#F1F6F6\" data-slide-theme=\"dark\" data-slide-header-theme=\"dark\" data-slide-header-logo=\"primary\" data-slide-side-background=\"#FFFFFF\">\n\t\t\t\t\t\t\t\t\t<div class=\"overflow\" data-arts-os-animation=\"true\" data-arts-os-animation-name=\"animateMask\" data-arts-os-animation-params=\"{&quot;direction&quot;:&quot;down&quot;,&quot;scale&quot;:1.2}\">\n\t\t\t\t\t\t\t\t\t\t\t\t\t\t\t\t\t\t\t\t\t<div class=\"mask-reveal__layer mask-reveal__layer-1\">\n\t\t\t\t\t\t\t\t\t\t\t\t<div class=\"mask-reveal__layer mask-reveal__layer-2\">\n\t\t\t\t\t\t\t\t\t\t\t\t\t\t\t\t\t\t\t\t\t\t\t\t\t\t\t\t\n\t<div class=\"w-100 h-100\">\n\n\t\n\t\t\n\t\t\t\t\t\t\t<div class=\"hover-zoom__inner\">\n\t\t\t\n\t\t\t\t\t\t\t\t\t\t\t\t\t\t\t<img fetchpriority=\"high\" decoding=\"async\" class=\"swiper-lazy of-cover hover-zoom__zoom\" src=\"#\" data-src=\"https:\/\/www.anahirano.com.br\/institucional\/wp-content\/uploads\/2021\/07\/anahirano1.jpg\" width=\"1200\" height=\"773\" data-srcset=\"https:\/\/www.anahirano.com.br\/institucional\/wp-content\/uploads\/2021\/07\/anahirano1.jpg 1200w, https:\/\/www.anahirano.com.br\/institucional\/wp-content\/uploads\/2021\/07\/anahirano1-300x193.jpg 300w, https:\/\/www.anahirano.com.br\/institucional\/wp-content\/uploads\/2021\/07\/anahirano1-1024x660.jpg 1024w, https:\/\/www.anahirano.com.br\/institucional\/wp-content\/uploads\/2021\/07\/anahirano1-768x495.jpg 768w\" data-sizes=\"(max-width: 1200px) 100vw, 1200px\" alt=\"\">\n\t\t\t\t\t\t\t\t\t\t\t\t\t\n\t\t\t\n\t\t\n\t\t\t\t\t\t\t<\/div>\n\t\t\t\n\t\t\n\t\n\t\n\t<\/div>\n\t\t\t\t\t\t\t\t\t\t\t\t\t\t\t\t\t\t\t\t\t\t\t\t\t\t\t\t\t\t<\/div>\n\t\t\t\t\t\t\t\t\t\t<\/div>\n\t\t\t\t\t\t\t\t\t\t\t\t\t\t\t\t\t\t\t<\/div>\n\t\t\t\t\t\t\t\t<\/div>\n\t\t\t\t\t\t\t\t\t\t\t\t\t\t\t\t\t\t\t\t\t\t\t<div class=\"swiper-slide slider-projects-fullscreen__slide overflow\" data-slide-background=\"#333333\" data-slide-theme=\"light\" data-slide-header-theme=\"dark\" data-slide-header-logo=\"primary\" data-slide-side-background=\"#262626\">\n\t\t\t\t\t\t\t\t\t<div class=\"overflow\" data-arts-os-animation=\"true\" data-arts-os-animation-name=\"animateMask\" data-arts-os-animation-params=\"{&quot;direction&quot;:&quot;down&quot;,&quot;scale&quot;:1.2}\">\n\t\t\t\t\t\t\t\t\t\t\t\t\t\t\t\t\t\t\t\t\t<div class=\"mask-reveal__layer mask-reveal__layer-1\">\n\t\t\t\t\t\t\t\t\t\t\t\t<div class=\"mask-reveal__layer mask-reveal__layer-2\">\n\t\t\t\t\t\t\t\t\t\t\t\t\t\t\t\t\t\t\t\t\t\t\t\t\t\t\t\t\n\t<div class=\"w-100 h-100\">\n\n\t\n\t\t\n\t\t\t\t\t\t\t<div class=\"hover-zoom__inner\">\n\t\t\t\n\t\t\t\t\t\t\t\t\t\t\t\t\t\t\t<img decoding=\"async\" class=\"swiper-lazy of-cover hover-zoom__zoom\" src=\"#\" data-src=\"https:\/\/www.anahirano.com.br\/institucional\/wp-content\/uploads\/2021\/07\/aventuras_na_floresta_capa.jpg\" width=\"1617\" height=\"1080\" data-srcset=\"https:\/\/www.anahirano.com.br\/institucional\/wp-content\/uploads\/2021\/07\/aventuras_na_floresta_capa.jpg 1617w, https:\/\/www.anahirano.com.br\/institucional\/wp-content\/uploads\/2021\/07\/aventuras_na_floresta_capa-300x200.jpg 300w, https:\/\/www.anahirano.com.br\/institucional\/wp-content\/uploads\/2021\/07\/aventuras_na_floresta_capa-1024x684.jpg 1024w, https:\/\/www.anahirano.com.br\/institucional\/wp-content\/uploads\/2021\/07\/aventuras_na_floresta_capa-768x513.jpg 768w, https:\/\/www.anahirano.com.br\/institucional\/wp-content\/uploads\/2021\/07\/aventuras_na_floresta_capa-1536x1026.jpg 1536w\" data-sizes=\"(max-width: 1617px) 100vw, 1617px\" alt=\"\">\n\t\t\t\t\t\t\t\t\t\t\t\t\t\n\t\t\t\n\t\t\n\t\t\t\t\t\t\t<\/div>\n\t\t\t\n\t\t\n\t\n\t\n\t<\/div>\n\t\t\t\t\t\t\t\t\t\t\t\t\t\t\t\t\t\t\t\t\t\t\t\t\t\t\t\t\t\t<\/div>\n\t\t\t\t\t\t\t\t\t\t<\/div>\n\t\t\t\t\t\t\t\t\t\t\t\t\t\t\t\t\t\t\t<\/div>\n\t\t\t\t\t\t\t\t<\/div>\n\t\t\t\t\t\t\t\t\t\t\t\t\t\t\t\t\t\t\t\t\t\t\t<div class=\"swiper-slide slider-projects-fullscreen__slide overflow\" data-slide-background=\"#F6F6F1\" data-slide-theme=\"dark\" data-slide-header-theme=\"dark\" data-slide-header-logo=\"primary\" data-slide-side-background=\"#FFFFFF\">\n\t\t\t\t\t\t\t\t\t<div class=\"overflow\" data-arts-os-animation=\"true\" data-arts-os-animation-name=\"animateMask\" data-arts-os-animation-params=\"{&quot;direction&quot;:&quot;down&quot;,&quot;scale&quot;:1.2}\">\n\t\t\t\t\t\t\t\t\t\t\t\t\t\t\t\t\t\t\t\t\t<div class=\"mask-reveal__layer mask-reveal__layer-1\">\n\t\t\t\t\t\t\t\t\t\t\t\t<div class=\"mask-reveal__layer mask-reveal__layer-2\">\n\t\t\t\t\t\t\t\t\t\t\t\t\t\t\t\t\t\t\t\t\t\t\t\t\t\t\t\t\n\t<div class=\"w-100 h-100\">\n\n\t\n\t\t\n\t\t\t\t\t\t\t<div class=\"hover-zoom__inner\">\n\t\t\t\n\t\t\t\t\t\t\t\t\t\t\t\t\t\t\t<img decoding=\"async\" class=\"swiper-lazy of-cover hover-zoom__zoom\" src=\"#\" data-src=\"https:\/\/www.anahirano.com.br\/institucional\/wp-content\/uploads\/2021\/07\/suitemaster1.jpg\" width=\"744\" height=\"1080\" data-srcset=\"https:\/\/www.anahirano.com.br\/institucional\/wp-content\/uploads\/2021\/07\/suitemaster1.jpg 744w, https:\/\/www.anahirano.com.br\/institucional\/wp-content\/uploads\/2021\/07\/suitemaster1-207x300.jpg 207w, https:\/\/www.anahirano.com.br\/institucional\/wp-content\/uploads\/2021\/07\/suitemaster1-705x1024.jpg 705w\" data-sizes=\"(max-width: 744px) 100vw, 744px\" alt=\"\">\n\t\t\t\t\t\t\t\t\t\t\t\t\t\n\t\t\t\n\t\t\n\t\t\t\t\t\t\t<\/div>\n\t\t\t\n\t\t\n\t\n\t\n\t<\/div>\n\t\t\t\t\t\t\t\t\t\t\t\t\t\t\t\t\t\t\t\t\t\t\t\t\t\t\t\t\t\t<\/div>\n\t\t\t\t\t\t\t\t\t\t<\/div>\n\t\t\t\t\t\t\t\t\t\t\t\t\t\t\t\t\t\t\t<\/div>\n\t\t\t\t\t\t\t\t<\/div>\n\t\t\t\t\t\t\t\t\t\t\t\t\t\t\t\t\t\t\t\t\t\t\t<div class=\"swiper-slide slider-projects-fullscreen__slide overflow\" data-slide-background=\"#DEDEDB\" data-slide-theme=\"dark\" data-slide-header-theme=\"dark\" data-slide-header-logo=\"primary\" data-slide-side-background=\"#DEDEDB\">\n\t\t\t\t\t\t\t\t\t<div class=\"overflow\" data-arts-os-animation=\"true\" data-arts-os-animation-name=\"animateMask\" data-arts-os-animation-params=\"{&quot;direction&quot;:&quot;down&quot;,&quot;scale&quot;:1.2}\">\n\t\t\t\t\t\t\t\t\t\t\t\t\t\t\t\t\t\t\t\t\t<div class=\"mask-reveal__layer mask-reveal__layer-1\">\n\t\t\t\t\t\t\t\t\t\t\t\t<div class=\"mask-reveal__layer mask-reveal__layer-2\">\n\t\t\t\t\t\t\t\t\t\t\t\t\t\t\t\t\t\t\t\t\t\t\t\t\t\t\t\t\n\t<div class=\"w-100 h-100\">\n\n\t\n\t\t\n\t\t\t\t\t\t\t<div class=\"hover-zoom__inner\">\n\t\t\t\n\t\t\t\t\t\t\t\t\t\t\t\t\t\t\t<img loading=\"lazy\" decoding=\"async\" class=\"swiper-lazy of-cover hover-zoom__zoom\" src=\"#\" data-src=\"https:\/\/www.anahirano.com.br\/institucional\/wp-content\/uploads\/2021\/07\/areagourmet.jpg\" width=\"1617\" height=\"1080\" data-srcset=\"https:\/\/www.anahirano.com.br\/institucional\/wp-content\/uploads\/2021\/07\/areagourmet.jpg 1617w, https:\/\/www.anahirano.com.br\/institucional\/wp-content\/uploads\/2021\/07\/areagourmet-300x200.jpg 300w, https:\/\/www.anahirano.com.br\/institucional\/wp-content\/uploads\/2021\/07\/areagourmet-1024x684.jpg 1024w, https:\/\/www.anahirano.com.br\/institucional\/wp-content\/uploads\/2021\/07\/areagourmet-768x513.jpg 768w, https:\/\/www.anahirano.com.br\/institucional\/wp-content\/uploads\/2021\/07\/areagourmet-1536x1026.jpg 1536w\" data-sizes=\"(max-width: 1617px) 100vw, 1617px\" alt=\"\">\n\t\t\t\t\t\t\t\t\t\t\t\t\t\n\t\t\t\n\t\t\n\t\t\t\t\t\t\t<\/div>\n\t\t\t\n\t\t\n\t\n\t\n\t<\/div>\n\t\t\t\t\t\t\t\t\t\t\t\t\t\t\t\t\t\t\t\t\t\t\t\t\t\t\t\t\t\t<\/div>\n\t\t\t\t\t\t\t\t\t\t<\/div>\n\t\t\t\t\t\t\t\t\t\t\t\t\t\t\t\t\t\t\t<\/div>\n\t\t\t\t\t\t\t\t<\/div>\n\t\t\t\t\t\t\t\t\t\t\t\t\t\t\t\t\t\t\t\t\t\t\t<div class=\"swiper-slide slider-projects-fullscreen__slide overflow\" data-slide-background=\"#F7F6F3\" data-slide-theme=\"dark\" data-slide-header-theme=\"dark\" data-slide-header-logo=\"primary\" data-slide-side-background=\"#F7F6F3\">\n\t\t\t\t\t\t\t\t\t<div class=\"overflow\" data-arts-os-animation=\"true\" data-arts-os-animation-name=\"animateMask\" data-arts-os-animation-params=\"{&quot;direction&quot;:&quot;down&quot;,&quot;scale&quot;:1.2}\">\n\t\t\t\t\t\t\t\t\t\t\t\t\t\t\t\t\t\t\t\t\t<div class=\"mask-reveal__layer mask-reveal__layer-1\">\n\t\t\t\t\t\t\t\t\t\t\t\t<div class=\"mask-reveal__layer mask-reveal__layer-2\">\n\t\t\t\t\t\t\t\t\t\t\t\t\t\t\t\t\t\t\t\t\t\t\t\t\t\t\t\t\n\t<div class=\"w-100 h-100\">\n\n\t\n\t\t\n\t\t\t\t\t\t\t<div class=\"hover-zoom__inner\">\n\t\t\t\n\t\t\t\t\t\t\t\t\t\t\t\t\t\t\t<img loading=\"lazy\" decoding=\"async\" class=\"swiper-lazy of-cover hover-zoom__zoom\" src=\"#\" data-src=\"https:\/\/www.anahirano.com.br\/institucional\/wp-content\/uploads\/2021\/07\/areasocial.jpg\" width=\"1920\" height=\"1080\" data-srcset=\"https:\/\/www.anahirano.com.br\/institucional\/wp-content\/uploads\/2021\/07\/areasocial.jpg 1920w, https:\/\/www.anahirano.com.br\/institucional\/wp-content\/uploads\/2021\/07\/areasocial-300x169.jpg 300w, https:\/\/www.anahirano.com.br\/institucional\/wp-content\/uploads\/2021\/07\/areasocial-1024x576.jpg 1024w, https:\/\/www.anahirano.com.br\/institucional\/wp-content\/uploads\/2021\/07\/areasocial-768x432.jpg 768w, https:\/\/www.anahirano.com.br\/institucional\/wp-content\/uploads\/2021\/07\/areasocial-1536x864.jpg 1536w\" data-sizes=\"(max-width: 1920px) 100vw, 1920px\" alt=\"\">\n\t\t\t\t\t\t\t\t\t\t\t\t\t\n\t\t\t\n\t\t\n\t\t\t\t\t\t\t<\/div>\n\t\t\t\n\t\t\n\t\n\t\n\t<\/div>\n\t\t\t\t\t\t\t\t\t\t\t\t\t\t\t\t\t\t\t\t\t\t\t\t\t\t\t\t\t\t<\/div>\n\t\t\t\t\t\t\t\t\t\t<\/div>\n\t\t\t\t\t\t\t\t\t\t\t\t\t\t\t\t\t\t\t<\/div>\n\t\t\t\t\t\t\t\t<\/div>\n\t\t\t\t\t\t\t\t\t\t\t\t\t\t\t\t\t\t\t\t\t\t\t<div class=\"swiper-slide slider-projects-fullscreen__slide overflow\" data-slide-background=\"#f8f8f8\" data-slide-theme=\"dark\" data-slide-header-theme=\"dark\" data-slide-header-logo=\"primary\" data-slide-side-background=\"#ffffff\">\n\t\t\t\t\t\t\t\t\t<div class=\"overflow\" data-arts-os-animation=\"true\" data-arts-os-animation-name=\"animateMask\" data-arts-os-animation-params=\"{&quot;direction&quot;:&quot;down&quot;,&quot;scale&quot;:1.2}\">\n\t\t\t\t\t\t\t\t\t\t\t\t\t\t\t\t\t\t\t\t\t<div class=\"mask-reveal__layer mask-reveal__layer-1\">\n\t\t\t\t\t\t\t\t\t\t\t\t<div class=\"mask-reveal__layer mask-reveal__layer-2\">\n\t\t\t\t\t\t\t\t\t\t\t\t\t\t\t\t\t\t\t\t\t\t\t\t\t\t\t\t\n\t<div class=\"w-100 h-100\">\n\n\t\n\t\t\n\t\t\t\t\t\t\t<div class=\"hover-zoom__inner\">\n\t\t\t\n\t\t\t\t\t\t\t\t\t\t\t\t\t\t\t<img loading=\"lazy\" decoding=\"async\" class=\"swiper-lazy of-cover hover-zoom__zoom\" src=\"#\" data-src=\"https:\/\/www.anahirano.com.br\/institucional\/wp-content\/uploads\/2021\/07\/IMG_8096-HDR-scaled.jpg\" width=\"2560\" height=\"1707\" data-srcset=\"https:\/\/www.anahirano.com.br\/institucional\/wp-content\/uploads\/2021\/07\/IMG_8096-HDR-scaled.jpg 2560w, https:\/\/www.anahirano.com.br\/institucional\/wp-content\/uploads\/2021\/07\/IMG_8096-HDR-300x200.jpg 300w, https:\/\/www.anahirano.com.br\/institucional\/wp-content\/uploads\/2021\/07\/IMG_8096-HDR-1024x683.jpg 1024w, https:\/\/www.anahirano.com.br\/institucional\/wp-content\/uploads\/2021\/07\/IMG_8096-HDR-768x512.jpg 768w, https:\/\/www.anahirano.com.br\/institucional\/wp-content\/uploads\/2021\/07\/IMG_8096-HDR-1536x1024.jpg 1536w, https:\/\/www.anahirano.com.br\/institucional\/wp-content\/uploads\/2021\/07\/IMG_8096-HDR-2048x1365.jpg 2048w\" data-sizes=\"(max-width: 2560px) 100vw, 2560px\" alt=\"\">\n\t\t\t\t\t\t\t\t\t\t\t\t\t\n\t\t\t\n\t\t\n\t\t\t\t\t\t\t<\/div>\n\t\t\t\n\t\t\n\t\n\t\n\t<\/div>\n\t\t\t\t\t\t\t\t\t\t\t\t\t\t\t\t\t\t\t\t\t\t\t\t\t\t\t\t\t\t<\/div>\n\t\t\t\t\t\t\t\t\t\t<\/div>\n\t\t\t\t\t\t\t\t\t\t\t\t\t\t\t\t\t\t\t<\/div>\n\t\t\t\t\t\t\t\t<\/div>\n\t\t\t\t\t\t\t\t\t\t\t\t\t<\/div>\n\t\t\t\t\t<\/div>\n\t\t\t\t\t<!-- - slider IMAGES -->\n\t\t\t\t\t\t\t\t\t\t\t\t\t\t\t\t<!-- slider SCROLLBAR -->\n\t\t\t\t\t\t<div class=\"slider-projects-fullscreen__wrapper-scrollbar slider-projects-fullscreen__wrapper-scrollbar_right-center\" data-arts-os-animation=\"true\" data-arts-os-animation-name=\"animateJump\" data-arts-os-animation-params=\"{&quot;x&quot;:&quot;30&quot;,&quot;y&quot;:&quot;0&quot;}\">\n\t\t\t\t\t\t\t<div class=\"slider__scrollbar js-slider-projects-fullscreen__scrollbar small slider__scrollbar_vertical slider__scrollbar_counter\"><\/div>\n\t\t\t\t\t\t<\/div>\n\t\t\t\t\t\t<!-- - slider SCROLLBAR -->\n\t\t\t\t\t\t\t\t\t\t\t\t\t\t\t\t<!-- slider ARROWS -->\n\t\t\t\t\t\t<div class=\"slider__wrapper-arrows slider__wrapper-arrows_vertical slider-projects-fullscreen__arrows slider-projects-fullscreen__arrows_right-bottom\" data-arts-os-animation=\"true\" data-arts-os-animation-name=\"animateJump\" data-arts-os-animation-params=\"{&quot;x&quot;:&quot;0&quot;,&quot;y&quot;:&quot;30&quot;}\">\n\t\t\t\t\t\t\t\n\n\t<div class=\"slider__arrow material-icons js-slider__arrow-prev\" data-arts-cursor=\"true\" data-arts-cursor-hide-native=\"true\" data-arts-cursor-scale=\"1.8\" data-arts-cursor-magnetic=\"true\">keyboard_arrow_up<\/div>\n\t<div class=\"slider__arrow material-icons js-slider__arrow-next\" data-arts-cursor=\"true\" data-arts-cursor-hide-native=\"true\" data-arts-cursor-scale=\"1.8\" data-arts-cursor-magnetic=\"true\">keyboard_arrow_down<\/div>\n\t\t\t\t\t\t<\/div>\n\t\t\t\t\t\t<!-- - slider ARROWS -->\n\t\t\t\t\t\t\t\t\t<\/div>\n\t\t\t<\/div>\n\t\t<\/div>\n\n\t\t\t\t\t\t<\/div>\n\t\t\t\t<\/div>\n\t\t\t\t\t<\/div>\n\t\t<\/div>\n\t\t\t\t\t<\/div>\n\t\t<\/section>\n\t\t\t\t<\/div>\n\t\t","protected":false},"excerpt":{"rendered":"<p>Ana Hirano Arquitetura de interiores Aventuras na floresta Projeto Quarto de beb\u00ea Su\u00edte cl\u00e1ssica contempor\u00e2nea Projeto Su\u00edte master Gourmet casa 06 Projeto \u00c1rea gourmet Apartamento R|R Projeto \u00c1rea social Consult\u00f3rio | MF Projeto 2019 keyboard_arrow_up keyboard_arrow_down<\/p>\n","protected":false},"author":1,"featured_media":0,"parent":0,"menu_order":0,"comment_status":"closed","ping_status":"closed","template":"elementor_header_footer","meta":{"footnotes":""},"class_list":["post-420","page","type-page","status-publish","hentry"],"acf":[],"_links":{"self":[{"href":"https:\/\/www.anahirano.com.br\/institucional\/wp-json\/wp\/v2\/pages\/420","targetHints":{"allow":["GET"]}}],"collection":[{"href":"https:\/\/www.anahirano.com.br\/institucional\/wp-json\/wp\/v2\/pages"}],"about":[{"href":"https:\/\/www.anahirano.com.br\/institucional\/wp-json\/wp\/v2\/types\/page"}],"author":[{"embeddable":true,"href":"https:\/\/www.anahirano.com.br\/institucional\/wp-json\/wp\/v2\/users\/1"}],"replies":[{"embeddable":true,"href":"https:\/\/www.anahirano.com.br\/institucional\/wp-json\/wp\/v2\/comments?post=420"}],"version-history":[{"count":21,"href":"https:\/\/www.anahirano.com.br\/institucional\/wp-json\/wp\/v2\/pages\/420\/revisions"}],"predecessor-version":[{"id":2363,"href":"https:\/\/www.anahirano.com.br\/institucional\/wp-json\/wp\/v2\/pages\/420\/revisions\/2363"}],"wp:attachment":[{"href":"https:\/\/www.anahirano.com.br\/institucional\/wp-json\/wp\/v2\/media?parent=420"}],"curies":[{"name":"wp","href":"https:\/\/api.w.org\/{rel}","templated":true}]}}